{"id":553,"date":"2018-10-03T10:51:11","date_gmt":"2018-10-03T10:51:11","guid":{"rendered":"http:\/\/radio5online.com\/es\/?page_id=553"},"modified":"2020-08-11T13:53:29","modified_gmt":"2020-08-11T13:53:29","slug":"home","status":"publish","type":"page","link":"https:\/\/radio5online.com\/es\/","title":{"rendered":"Inicio"},"content":{"rendered":"\t\t<div data-elementor-type=\"post\" data-elementor-id=\"553\" class=\"elementor elementor-553\" data-elementor-settings=\"[]\">\n\t\t\t<div class=\"elementor-inner\">\n\t\t\t\t<div class=\"elementor-section-wrap\">\n\t\t\t\t\t\t\t<section data-id=\"26c1b8bd\" class=\"elementor-element elementor-element-26c1b8bd elementor-section-boxed elementor-section-height-default elementor-section-height-default elementor-section elementor-top-section\" data-element_type=\"section\">\n\t\t\t\t\t\t<div class=\"elementor-container elementor-column-gap-no\">\n\t\t\t\t<div class=\"elementor-row\">\n\t\t\t\t<div data-id=\"5dcb2f50\" class=\"elementor-element elementor-element-5dcb2f50 elementor-column elementor-col-100 elementor-top-column\" data-element_type=\"column\">\n\t\t\t<div class=\"elementor-column-wrap  elementor-element-populated\">\n\t\t\t\t\t<div class=\"elementor-widget-wrap\">\n\t\t\t\t<div data-id=\"426790f5\" class=\"elementor-element elementor-element-426790f5 animated fadeIn elementor-invisible elementor-widget elementor-widget-template\" data-settings=\"{&quot;_animation&quot;:&quot;fadeIn&quot;}\" data-element_type=\"template.default\">\n\t\t\t\t<div class=\"elementor-widget-container\">\n\t\t\t\t\t<div class=\"elementor-template\">\n\t\t\t\t\t<div data-elementor-type=\"section\" data-elementor-id=\"507\" class=\"elementor elementor-507\" data-elementor-settings=\"[]\">\n\t\t\t<div class=\"elementor-inner\">\n\t\t\t\t<div class=\"elementor-section-wrap\">\n\t\t\t\t\t\t\t<section data-id=\"46949830\" class=\"elementor-element elementor-element-46949830 elementor-section-content-middle elementor-section-boxed elementor-section-height-default elementor-section-height-default elementor-section elementor-top-section\" data-element_type=\"section\">\n\t\t\t\t\t\t<div class=\"elementor-container elementor-column-gap-no\">\n\t\t\t\t<div class=\"elementor-row\">\n\t\t\t\t<div data-id=\"3e7f4e85\" class=\"elementor-element elementor-element-3e7f4e85 elementor-column elementor-col-100 elementor-top-column\" data-element_type=\"column\">\n\t\t\t<div class=\"elementor-column-wrap  elementor-element-populated\">\n\t\t\t\t\t<div class=\"elementor-widget-wrap\">\n\t\t\t\t<div data-id=\"35f746bb\" class=\"elementor-element elementor-element-35f746bb elementor--v-position-bottom animated fadeIn elementor--h-position-left elementor-invisible elementor-widget elementor-widget-slides\" data-settings=\"{&quot;_animation&quot;:&quot;fadeIn&quot;}\" data-element_type=\"slides.default\">\n\t\t\t\t<div class=\"elementor-widget-container\">\n\t\t\t\t\t<div class=\"elementor-slides-wrapper elementor-slick-slider\" dir=\"ltr\">\n\t\t\t<div class=\"elementor-slides slick-arrows-inside slick-dots-inside\" data-slider_options=\"{&quot;slidesToShow&quot;:1,&quot;autoplaySpeed&quot;:3000,&quot;autoplay&quot;:true,&quot;infinite&quot;:false,&quot;pauseOnHover&quot;:true,&quot;speed&quot;:400,&quot;arrows&quot;:true,&quot;dots&quot;:true,&quot;rtl&quot;:false}\" data-animation=\"fadeInUp\">\n\t\t\t\t<div class=\"elementor-repeater-item-9a31acf slick-slide\"><div class=\"slick-slide-bg\"><\/div><a href=\"http:\/\/radio5online.com\/es\/product\/stream-mix\/\" target=\"_blank\" class=\"slick-slide-inner\"><div class=\"elementor-slide-content\"><div class=\"elementor-slide-heading\">RADIO 5 MIX<\/div><div class=\"elementor-slide-description\">\n\nMIXER ALL IN ONE de producci\u00f3n A\/V. Dise\u00f1ado para el manejo de VIDEO en una emisora de RADIO.<\/div><div  class=\"elementor-button elementor-slide-button elementor-size-sm\">Click Here<\/div><\/div><\/a><\/div><div class=\"elementor-repeater-item-5b5ab2f slick-slide\"><div class=\"slick-slide-bg\"><\/div><div  class=\"slick-slide-inner\"><div class=\"elementor-slide-content\"><div class=\"elementor-slide-heading\">RADIO 5 LOG<\/div><div class=\"elementor-slide-description\">Sistema de grabaci\u00f3n de audio, que  permite grabar las 24 horas por canal, admite un seguimiento de lo emitido, copia legal y m\u00e1s.<\/div><a href=\"http:\/\/radio5online.com\/es\/product\/radio-5-log-4\/\" class=\"elementor-button elementor-slide-button elementor-size-sm\">Click Aqu\u00ed<\/a><\/div><\/div><\/div><div class=\"elementor-repeater-item-d3dcffe slick-slide\"><div class=\"slick-slide-bg\"><\/div><a href=\"https:\/\/radio5online.com\/es\/product\/radio-5-ver-11-evolution-2-2\/\" class=\"slick-slide-inner\"><div class=\"elementor-slide-content\"><div class=\"elementor-slide-heading\">RADIO 5 Ver. 11 <\/div><div class=\"elementor-slide-description\">THE SOUND OF EVOLUTION, una nueva era en la automatizaci\u00f3n radial. <\/div><div  class=\"elementor-button elementor-slide-button elementor-size-sm\">Haz clic aqu\u00ed<\/div><\/div><\/a><\/div>\t\t\t<\/div>\n\t\t<\/div>\n\t\t\t\t<\/div>\n\t\t\t\t<\/div>\n\t\t\t\t\t\t<\/div>\n\t\t\t<\/div>\n\t\t<\/div>\n\t\t\t\t\t\t<\/div>\n\t\t\t<\/div>\n\t\t<\/section>\n\t\t\t\t\t\t<\/div>\n\t\t\t<\/div>\n\t\t<\/div>\n\t\t\t\t<\/div>\n\t\t\t\t<\/div>\n\t\t\t\t<\/div>\n\t\t\t\t\t\t<\/div>\n\t\t\t<\/div>\n\t\t<\/div>\n\t\t\t\t\t\t<\/div>\n\t\t\t<\/div>\n\t\t<\/section>\n\t\t\t\t<section data-id=\"4239bc65\" class=\"elementor-element elementor-element-4239bc65 elementor-section-boxed elementor-section-height-default elementor-section-height-default elementor-section elementor-top-section\" data-element_type=\"section\">\n\t\t\t\t\t\t<div class=\"elementor-container elementor-column-gap-no\">\n\t\t\t\t<div class=\"elementor-row\">\n\t\t\t\t<div data-id=\"3c28e5ae\" class=\"elementor-element elementor-element-3c28e5ae elementor-column elementor-col-100 elementor-top-column\" data-element_type=\"column\">\n\t\t\t<div class=\"elementor-column-wrap  elementor-element-populated\">\n\t\t\t\t\t<div class=\"elementor-widget-wrap\">\n\t\t\t\t<div data-id=\"6aab07e3\" class=\"elementor-element elementor-element-6aab07e3 elementor-grid-4 animated fadeIn elementor-grid-tablet-2 elementor-grid-mobile-1 elementor-posts--thumbnail-top elementor-invisible elementor-widget elementor-widget-posts\" data-settings=\"{&quot;classic_columns&quot;:&quot;4&quot;,&quot;classic_row_gap&quot;:{&quot;unit&quot;:&quot;px&quot;,&quot;size&quot;:0},&quot;_animation&quot;:&quot;fadeIn&quot;,&quot;_animation_delay&quot;:100,&quot;classic_columns_tablet&quot;:&quot;2&quot;,&quot;classic_columns_mobile&quot;:&quot;1&quot;}\" data-element_type=\"posts.classic\">\n\t\t\t\t<div class=\"elementor-widget-container\">\n\t\t\t\t\t<div class=\"elementor-posts-container elementor-posts elementor-grid elementor-posts--skin-classic\">\n\t\t\t\t<article class=\"elementor-post elementor-grid-item post-1225 post type-post status-publish format-standard has-post-thumbnail hentry category-noticias\">\n\t\t\t\t<a class=\"elementor-post__thumbnail__link\" href=\"https:\/\/radio5online.com\/es\/media-5-en-nab-show-2026-las-vegas-usa-2\/\">\n\t\t\t<div class=\"elementor-post__thumbnail\"><img loading=\"lazy\" decoding=\"async\" width=\"340\" height=\"177\" src=\"https:\/\/radio5online.com\/es\/files\/2026\/04\/NEWS.jpg\" class=\"attachment-medium_large size-medium_large\" alt=\"\" srcset=\"https:\/\/radio5online.com\/es\/files\/2026\/04\/NEWS.jpg 340w, https:\/\/radio5online.com\/es\/files\/2026\/04\/NEWS-300x156.jpg 300w\" sizes=\"auto, (max-width: 340px) 100vw, 340px\" \/><\/div>\n\t\t<\/a>\n\t\t\t\t<div class=\"elementor-post__text\">\n\t\t\t\t<h3 class=\"elementor-post__title\">\n\t\t\t<a href=\"https:\/\/radio5online.com\/es\/media-5-en-nab-show-2026-las-vegas-usa-2\/\">\n\t\t\t\tMEDIA 5 en NAB SHOW 2026 \u2013 LAS VEGAS \u2013 USA\t\t\t<\/a>\n\t\t<\/h3>\n\t\t\t\t<div class=\"elementor-post__excerpt\">\n\t\t\t<p>En nuestro\u00a0 BOOTH #C2424 estaremos mostrando las nuevas soluciones. NAB contin\u00faa siendo, a\u00f1o tras a\u00f1o, el principal punto de encuentro de la industria, donde presentamos<\/p>\n\t\t<\/div>\n\t\t\t\t\t<a class=\"elementor-post__read-more\" href=\"https:\/\/radio5online.com\/es\/media-5-en-nab-show-2026-las-vegas-usa-2\/\">\n\t\t\t\tRead More \u00bb\t\t\t<\/a>\n\t\t\t\t<\/div>\n\t\t\t\t<\/article>\n\t\t\t\t<article class=\"elementor-post elementor-grid-item post-1214 post type-post status-publish format-standard has-post-thumbnail hentry category-noticias\">\n\t\t\t\t<a class=\"elementor-post__thumbnail__link\" href=\"https:\/\/radio5online.com\/es\/radio-5-ver-11-the-sound-of-evolution\/\">\n\t\t\t<div class=\"elementor-post__thumbnail\"><img loading=\"lazy\" decoding=\"async\" width=\"340\" height=\"177\" src=\"https:\/\/radio5online.com\/es\/files\/2025\/12\/radio5.gif\" class=\"attachment-medium_large size-medium_large\" alt=\"\" \/><\/div>\n\t\t<\/a>\n\t\t\t\t<div class=\"elementor-post__text\">\n\t\t\t\t<h3 class=\"elementor-post__title\">\n\t\t\t<a href=\"https:\/\/radio5online.com\/es\/radio-5-ver-11-the-sound-of-evolution\/\">\n\t\t\t\tRADIO 5 Ver. 11 \u2013 THE SOUND OF EVOLUTION\t\t\t<\/a>\n\t\t<\/h3>\n\t\t\t\t<div class=\"elementor-post__excerpt\">\n\t\t\t<p>Una nueva era en la automatizaci\u00f3n radial Con m\u00e1s de tres d\u00e9cadas de trayectoria en el mercado broadcast, RADIO 5 Versi\u00f3n 11 integra la solidez<\/p>\n\t\t<\/div>\n\t\t\t\t\t<a class=\"elementor-post__read-more\" href=\"https:\/\/radio5online.com\/es\/radio-5-ver-11-the-sound-of-evolution\/\">\n\t\t\t\tRead More \u00bb\t\t\t<\/a>\n\t\t\t\t<\/div>\n\t\t\t\t<\/article>\n\t\t\t\t<article class=\"elementor-post elementor-grid-item post-1209 post type-post status-publish format-standard has-post-thumbnail hentry category-noticias\">\n\t\t\t\t<a class=\"elementor-post__thumbnail__link\" href=\"https:\/\/radio5online.com\/es\/informacion-importante-para-los-usuarios-de-radio-5-2\/\">\n\t\t\t<div class=\"elementor-post__thumbnail\"><img loading=\"lazy\" decoding=\"async\" width=\"340\" height=\"177\" src=\"https:\/\/radio5online.com\/es\/files\/2025\/12\/inportante-v11.gif\" class=\"attachment-medium_large size-medium_large\" alt=\"\" \/><\/div>\n\t\t<\/a>\n\t\t\t\t<div class=\"elementor-post__text\">\n\t\t\t\t<h3 class=\"elementor-post__title\">\n\t\t\t<a href=\"https:\/\/radio5online.com\/es\/informacion-importante-para-los-usuarios-de-radio-5-2\/\">\n\t\t\t\tINFORMACI\u00d3N IMPORTANTE PARA LOS USUARIOS DE RADIO 5\t\t\t<\/a>\n\t\t<\/h3>\n\t\t\t\t<div class=\"elementor-post__excerpt\">\n\t\t\t<p>Informaci\u00f3n importante para los usuarios de RADIO 5.<\/p>\n\t\t<\/div>\n\t\t\t\t\t<a class=\"elementor-post__read-more\" href=\"https:\/\/radio5online.com\/es\/informacion-importante-para-los-usuarios-de-radio-5-2\/\">\n\t\t\t\tRead More \u00bb\t\t\t<\/a>\n\t\t\t\t<\/div>\n\t\t\t\t<\/article>\n\t\t\t\t<article class=\"elementor-post elementor-grid-item post-1218 post type-post status-publish format-standard has-post-thumbnail hentry category-noticias\">\n\t\t\t\t<a class=\"elementor-post__thumbnail__link\" href=\"https:\/\/radio5online.com\/es\/media-5-en-nab-show-2025-las-vegas-usa\/\">\n\t\t\t<div class=\"elementor-post__thumbnail\"><img loading=\"lazy\" decoding=\"async\" width=\"340\" height=\"177\" src=\"https:\/\/radio5online.com\/es\/files\/2025\/12\/nab-2025.gif\" class=\"attachment-medium_large size-medium_large\" alt=\"\" \/><\/div>\n\t\t<\/a>\n\t\t\t\t<div class=\"elementor-post__text\">\n\t\t\t\t<h3 class=\"elementor-post__title\">\n\t\t\t<a href=\"https:\/\/radio5online.com\/es\/media-5-en-nab-show-2025-las-vegas-usa\/\">\n\t\t\t\tMEDIA 5 en NAB SHOW 2025 \u2013 LAS VEGAS \u2013 USA\t\t\t<\/a>\n\t\t<\/h3>\n\t\t\t\t<div class=\"elementor-post__excerpt\">\n\t\t\t<p>En nuestro\u00a0 BOOTH #W1416 estaremos mostrando las nuevas soluciones. Sobre la base de una plataforma de productos escalables y una moderna arquitectura de integraci\u00f3n de<\/p>\n\t\t<\/div>\n\t\t\t\t\t<a class=\"elementor-post__read-more\" href=\"https:\/\/radio5online.com\/es\/media-5-en-nab-show-2025-las-vegas-usa\/\">\n\t\t\t\tRead More \u00bb\t\t\t<\/a>\n\t\t\t\t<\/div>\n\t\t\t\t<\/article>\n\t\t\t\t<\/div>\n\t\t\t\t<\/div>\n\t\t\t\t<\/div>\n\t\t\t\t\t\t<\/div>\n\t\t\t<\/div>\n\t\t<\/div>\n\t\t\t\t\t\t<\/div>\n\t\t\t<\/div>\n\t\t<\/section>\n\t\t\t\t<section data-id=\"4683d224\" class=\"elementor-element elementor-element-4683d224 elementor-section-boxed elementor-section-height-default elementor-section-height-default elementor-section elementor-top-section\" data-element_type=\"section\">\n\t\t\t\t\t\t<div class=\"elementor-container elementor-column-gap-no\">\n\t\t\t\t<div class=\"elementor-row\">\n\t\t\t\t<div data-id=\"3a97df80\" class=\"elementor-element elementor-element-3a97df80 elementor-column elementor-col-100 elementor-top-column\" data-element_type=\"column\">\n\t\t\t<div class=\"elementor-column-wrap  elementor-element-populated\">\n\t\t\t\t\t<div class=\"elementor-widget-wrap\">\n\t\t\t\t<div data-id=\"bb3891a\" class=\"elementor-element elementor-element-bb3891a elementor-widget elementor-widget-template\" data-element_type=\"template.default\">\n\t\t\t\t<div class=\"elementor-widget-container\">\n\t\t\t\t\t<div class=\"elementor-template\">\n\t\t\t\t\t<div data-elementor-type=\"page\" data-elementor-id=\"470\" class=\"elementor elementor-470\" data-elementor-settings=\"[]\">\n\t\t\t<div class=\"elementor-inner\">\n\t\t\t\t<div class=\"elementor-section-wrap\">\n\t\t\t\t\t\t\t<section data-id=\"3749c482\" class=\"elementor-element elementor-element-3749c482 elementor-section-stretched elementor-section-content-middle elementor-section-boxed elementor-section-height-default elementor-section-height-default elementor-section elementor-top-section\" data-settings=\"{&quot;stretch_section&quot;:&quot;section-stretched&quot;}\" data-element_type=\"section\">\n\t\t\t\t\t\t<div class=\"elementor-container elementor-column-gap-no\">\n\t\t\t\t<div class=\"elementor-row\">\n\t\t\t\t<div data-id=\"49dd4c91\" class=\"elementor-element elementor-element-49dd4c91 elementor-column elementor-col-100 elementor-top-column\" data-element_type=\"column\">\n\t\t\t<div class=\"elementor-column-wrap  elementor-element-populated\">\n\t\t\t\t\t<div class=\"elementor-widget-wrap\">\n\t\t\t\t<div data-id=\"43eee362\" class=\"elementor-element elementor-element-43eee362 elementor-cta--skin-cover elementor-cta--valign-bottom elementor-widget elementor-widget-call-to-action\" data-element_type=\"call-to-action.default\">\n\t\t\t\t<div class=\"elementor-widget-container\">\n\t\t\t\t\t<div  class=\"elementor-cta\">\n\t\t\t\t\t<div class=\"elementor-cta__bg-wrapper\">\n\t\t\t\t<div class=\"elementor-cta__bg elementor-bg\" style=\"background-image: url(https:\/\/radio5online.com\/es\/files\/2018\/10\/SLIDER-Radio-5-1500-x-490-x-72.jpg);\"><\/div>\n\t\t\t\t<div class=\"elementor-cta__bg-overlay\"><\/div>\n\t\t\t<\/div>\n\t\t\t\t\t\t\t<div class=\"elementor-cta__content\">\n\t\t\t\t\n\t\t\t\t\t\t\t\t\t<h2 class=\"elementor-cta__title elementor-cta__content-item elementor-content-item\">\n\t\t\t\t\t\tRADIO 5 Versi\u00f3n 11\t\t\t\t\t<\/h2>\n\t\t\t\t\n\t\t\t\t\t\t\t\t\t<div class=\"elementor-cta__description elementor-cta__content-item elementor-content-item\">\n\t\t\t\t\t\tTHE SOUND OF EVOLUTION<br> <br>\n\nUna nueva era en la automatizaci\u00f3n radial\t\t\t\t\t<\/div>\n\t\t\t\t\n\t\t\t\t\t\t\t\t\t<div class=\"elementor-cta__button-wrapper elementor-cta__content-item elementor-content-item \">\n\t\t\t\t\t<a class=\"elementor-cta__button elementor-button elementor-size-sm\" href=\"https:\/\/radio5online.com\/es\/product\/radio-5-ver-11-evolution-2-2\/\">\n\t\t\t\t\t\tClick Aqu\u00ed\t\t\t\t\t<\/a>\n\t\t\t\t\t<\/div>\n\t\t\t\t\t\t\t<\/div>\n\t\t\t\t\t\t<\/div>\n\t\t\t\t<\/div>\n\t\t\t\t<\/div>\n\t\t\t\t\t\t<\/div>\n\t\t\t<\/div>\n\t\t<\/div>\n\t\t\t\t\t\t<\/div>\n\t\t\t<\/div>\n\t\t<\/section>\n\t\t\t\t\t\t<\/div>\n\t\t\t<\/div>\n\t\t<\/div>\n\t\t\t\t<\/div>\n\t\t\t\t<\/div>\n\t\t\t\t<\/div>\n\t\t\t\t\t\t<\/div>\n\t\t\t<\/div>\n\t\t<\/div>\n\t\t\t\t\t\t<\/div>\n\t\t\t<\/div>\n\t\t<\/section>\n\t\t\t\t<section data-id=\"510956ec\" class=\"elementor-element elementor-element-510956ec elementor-section-content-middle elementor-section-boxed elementor-section-height-default elementor-section-height-default elementor-section elementor-top-section\" data-settings=\"{&quot;background_background&quot;:&quot;video&quot;,&quot;background_video_link&quot;:&quot;https:\\\/\\\/youtu.be\\\/58WckM_WG1c&quot;}\" data-element_type=\"section\">\n\t\t\t\t\t\t\t\t<div class=\"elementor-background-video-container elementor-hidden-phone\">\n\t\t\t\t\t\t\t\t\t\t\t\t\t<div class=\"elementor-background-video-embed\"><\/div>\n\t\t\t\t\t\t\t\t\t\t\t<\/div>\n\t\t\t\t\t\t\t\t\t<div class=\"elementor-background-overlay\"><\/div>\n\t\t\t\t\t\t\t<div class=\"elementor-container elementor-column-gap-no\">\n\t\t\t\t<div class=\"elementor-row\">\n\t\t\t\t<div data-id=\"1903f136\" class=\"elementor-element elementor-element-1903f136 elementor-column elementor-col-50 elementor-top-column\" data-element_type=\"column\">\n\t\t\t<div class=\"elementor-column-wrap  elementor-element-populated\">\n\t\t\t\t\t\t\t<div class=\"elementor-background-overlay\"><\/div>\n\t\t\t\t\t<div class=\"elementor-widget-wrap\">\n\t\t\t\t<div data-id=\"40bd40b7\" class=\"elementor-element elementor-element-40bd40b7 elementor-blockquote--skin-quotation elementor-blockquote--button-color-official elementor-widget elementor-widget-blockquote\" data-element_type=\"blockquote.default\">\n\t\t\t\t<div class=\"elementor-widget-container\">\n\t\t\t\t\t<blockquote class=\"elementor-blockquote\">\n\t\t\t<p class=\"elementor-blockquote__content\">\n\t\t\t\t\t\t\t<\/p>\n\t\t\t\t\t<\/blockquote>\n\t\t\t\t<\/div>\n\t\t\t\t<\/div>\n\t\t\t\t<div data-id=\"42152446\" class=\"elementor-element elementor-element-42152446 elementor-blockquote--skin-border elementor-blockquote--button-color-official elementor-widget elementor-widget-blockquote\" data-element_type=\"blockquote.default\">\n\t\t\t\t<div class=\"elementor-widget-container\">\n\t\t\t\t\t<blockquote class=\"elementor-blockquote\">\n\t\t\t<p class=\"elementor-blockquote__content\">\n\t\t\t\tRADIO 5 para m\u00ed es una de las herramientas m\u00e1s completas existentes en el mercado, lo uso desde hace m\u00e1s de 10 a\u00f1os. RADIO 5 hace mucho m\u00e1s f\u00e1cil nuestro trabajo, y como si todo esto fuera poco el soporte t\u00e9cnico y humano que rodea a \u00e9ste excelente Software de automatizaci\u00f3n est\u00e1 siempre dispuesto a atendernos en todo momento. Los cambios y avances implementados en la versi\u00f3n SQL son dignos de destacar, lo que lo hace muy superior a sus competidores.\t\t\t<\/p>\n\t\t\t\t\t\t\t<footer>\n\t\t\t\t\t\t\t\t\t\t\t<cite class=\"elementor-blockquote__author\">Carlos - Radio Horizonte<\/cite>\n\t\t\t\t\t\t\t\t\t\t\t\t\t\t<\/footer>\n\t\t\t\t\t<\/blockquote>\n\t\t\t\t<\/div>\n\t\t\t\t<\/div>\n\t\t\t\t\t\t<\/div>\n\t\t\t<\/div>\n\t\t<\/div>\n\t\t\t\t<div data-id=\"4cbcb67d\" class=\"elementor-element elementor-element-4cbcb67d elementor-column elementor-col-50 elementor-top-column\" data-element_type=\"column\">\n\t\t\t<div class=\"elementor-column-wrap  elementor-element-populated\">\n\t\t\t\t\t\t\t<div class=\"elementor-background-overlay\"><\/div>\n\t\t\t\t\t<div class=\"elementor-widget-wrap\">\n\t\t\t\t<div data-id=\"7c35df92\" class=\"elementor-element elementor-element-7c35df92 elementor-blockquote--skin-quotation elementor-blockquote--button-color-official elementor-widget elementor-widget-blockquote\" data-element_type=\"blockquote.default\">\n\t\t\t\t<div class=\"elementor-widget-container\">\n\t\t\t\t\t<blockquote class=\"elementor-blockquote\">\n\t\t\t<p class=\"elementor-blockquote__content\">\n\t\t\t\t\t\t\t<\/p>\n\t\t\t\t\t<\/blockquote>\n\t\t\t\t<\/div>\n\t\t\t\t<\/div>\n\t\t\t\t<div data-id=\"3a1a272d\" class=\"elementor-element elementor-element-3a1a272d elementor-blockquote--skin-border elementor-blockquote--button-color-official elementor-widget elementor-widget-blockquote\" data-element_type=\"blockquote.default\">\n\t\t\t\t<div class=\"elementor-widget-container\">\n\t\t\t\t\t<blockquote class=\"elementor-blockquote\">\n\t\t\t<p class=\"elementor-blockquote__content\">\n\t\t\t\tEl f\u00e1cil manejo de este Software de Digitalizaci\u00f3n, permiti\u00f3 que los operadores, programadores musicales y el departamento de publicidad pudieran aplicar todo lo que hac\u00edan manualmente o con varios programas, en un solo sistema. Su amplio manejo de formatos de compresi\u00f3n de audios sin requerimiento especifico de Hardware (tarjetas de Audio) logro una f\u00e1cil migraci\u00f3n y adaptaci\u00f3n de los musicalizadores y personal en general de las emisoras a un nuevo esquema de trabajo.\t\t\t<\/p>\n\t\t\t\t\t\t\t<footer>\n\t\t\t\t\t\t\t\t\t\t\t<cite class=\"elementor-blockquote__author\">Miguel Angel Pacheco - FM RGS 94.3<\/cite>\n\t\t\t\t\t\t\t\t\t\t\t\t\t\t<\/footer>\n\t\t\t\t\t<\/blockquote>\n\t\t\t\t<\/div>\n\t\t\t\t<\/div>\n\t\t\t\t\t\t<\/div>\n\t\t\t<\/div>\n\t\t<\/div>\n\t\t\t\t\t\t<\/div>\n\t\t\t<\/div>\n\t\t<\/section>\n\t\t\t\t<section data-id=\"33996981\" class=\"elementor-element elementor-element-33996981 elementor-section-content-middle elementor-section-boxed elementor-section-height-default elementor-section-height-default elementor-section elementor-top-section\" data-settings=\"{&quot;background_background&quot;:&quot;classic&quot;}\" data-element_type=\"section\">\n\t\t\t\t\t\t<div class=\"elementor-container elementor-column-gap-no\">\n\t\t\t\t<div class=\"elementor-row\">\n\t\t\t\t<div data-id=\"215fd5ec\" class=\"elementor-element elementor-element-215fd5ec elementor-column elementor-col-100 elementor-top-column\" data-element_type=\"column\">\n\t\t\t<div class=\"elementor-column-wrap  elementor-element-populated\">\n\t\t\t\t\t<div class=\"elementor-widget-wrap\">\n\t\t\t\t<div data-id=\"1a8909f7\" class=\"elementor-element elementor-element-1a8909f7 elementor-widget elementor-widget-heading\" data-element_type=\"heading.default\">\n\t\t\t\t<div class=\"elementor-widget-container\">\n\t\t\t<h4 class=\"elementor-heading-title elementor-size-default\">Nuestros Clientes<\/h4>\t\t<\/div>\n\t\t\t\t<\/div>\n\t\t\t\t<div data-id=\"4bc3346\" class=\"elementor-element elementor-element-4bc3346 elementor-widget elementor-widget-image-carousel\" data-settings=\"{&quot;slides_to_show&quot;:&quot;4&quot;,&quot;navigation&quot;:&quot;none&quot;,&quot;pause_on_hover&quot;:&quot;no&quot;,&quot;autoplay&quot;:&quot;yes&quot;,&quot;autoplay_speed&quot;:5000,&quot;infinite&quot;:&quot;yes&quot;,&quot;speed&quot;:500,&quot;direction&quot;:&quot;ltr&quot;}\" data-element_type=\"image-carousel.default\">\n\t\t\t\t<div class=\"elementor-widget-container\">\n\t\t\t\t\t<div class=\"elementor-image-carousel-wrapper elementor-slick-slider\" dir=\"ltr\">\n\t\t\t<div class=\"elementor-image-carousel\">\n\t\t\t\t<div class=\"slick-slide\"><figure class=\"slick-slide-inner\"><img decoding=\"async\" class=\"slick-slide-image\" src=\"https:\/\/radio5online.com\/es\/files\/2018\/10\/oglobo-color.png\" alt=\"oglobo-color\" \/><\/figure><\/div><div class=\"slick-slide\"><figure class=\"slick-slide-inner\"><img decoding=\"async\" class=\"slick-slide-image\" src=\"https:\/\/radio5online.com\/es\/files\/2018\/10\/nanduti.png\" alt=\"nanduti\" \/><\/figure><\/div><div class=\"slick-slide\"><figure class=\"slick-slide-inner\"><img decoding=\"async\" class=\"slick-slide-image\" src=\"https:\/\/radio5online.com\/es\/files\/2018\/10\/venus.png\" alt=\"venus\" \/><\/figure><\/div><div class=\"slick-slide\"><figure class=\"slick-slide-inner\"><img decoding=\"async\" class=\"slick-slide-image\" src=\"https:\/\/radio5online.com\/es\/files\/2018\/10\/exa.png\" alt=\"exa\" \/><\/figure><\/div><div class=\"slick-slide\"><figure class=\"slick-slide-inner\"><img decoding=\"async\" class=\"slick-slide-image\" src=\"https:\/\/radio5online.com\/es\/files\/2018\/10\/rplm.png\" alt=\"rplm\" \/><\/figure><\/div><div class=\"slick-slide\"><figure class=\"slick-slide-inner\"><img decoding=\"async\" class=\"slick-slide-image\" src=\"https:\/\/radio5online.com\/es\/files\/2018\/10\/rcr.png\" alt=\"rcr\" \/><\/figure><\/div><div class=\"slick-slide\"><figure class=\"slick-slide-inner\"><img decoding=\"async\" class=\"slick-slide-image\" src=\"https:\/\/radio5online.com\/es\/files\/2018\/10\/rockypop.png\" alt=\"rockypop\" \/><\/figure><\/div><div class=\"slick-slide\"><figure class=\"slick-slide-inner\"><img decoding=\"async\" class=\"slick-slide-image\" src=\"https:\/\/radio5online.com\/es\/files\/2018\/10\/radiocanal.png\" alt=\"radiocanal\" \/><\/figure><\/div>\t\t\t<\/div>\n\t\t<\/div>\n\t\t\t\t<\/div>\n\t\t\t\t<\/div>\n\t\t\t\t\t\t<\/div>\n\t\t\t<\/div>\n\t\t<\/div>\n\t\t\t\t\t\t<\/div>\n\t\t\t<\/div>\n\t\t<\/section>\n\t\t\t\t\t\t<\/div>\n\t\t\t<\/div>\n\t\t<\/div>\n\t\t","protected":false},"excerpt":{"rendered":"<p>RADIO 5 para m\u00ed es una de las herramientas m\u00e1s completas existentes en el mercado, lo uso desde hace m\u00e1s de 10 a\u00f1os. RADIO 5 hace mucho m\u00e1s f\u00e1cil nuestro trabajo, y como si todo esto fuera poco el soporte t\u00e9cnico y humano que rodea a \u00e9ste excelente Software de automatizaci\u00f3n est\u00e1 siempre dispuesto a [&hellip;]<\/p>\n","protected":false},"author":1,"featured_media":0,"parent":0,"menu_order":0,"comment_status":"closed","ping_status":"closed","template":"","meta":{"footnotes":""},"class_list":["post-553","page","type-page","status-publish","hentry"],"acf":[],"_links":{"self":[{"href":"https:\/\/radio5online.com\/es\/wp-json\/wp\/v2\/pages\/553","targetHints":{"allow":["GET"]}}],"collection":[{"href":"https:\/\/radio5online.com\/es\/wp-json\/wp\/v2\/pages"}],"about":[{"href":"https:\/\/radio5online.com\/es\/wp-json\/wp\/v2\/types\/page"}],"author":[{"embeddable":true,"href":"https:\/\/radio5online.com\/es\/wp-json\/wp\/v2\/users\/1"}],"replies":[{"embeddable":true,"href":"https:\/\/radio5online.com\/es\/wp-json\/wp\/v2\/comments?post=553"}],"version-history":[{"count":29,"href":"https:\/\/radio5online.com\/es\/wp-json\/wp\/v2\/pages\/553\/revisions"}],"predecessor-version":[{"id":1027,"href":"https:\/\/radio5online.com\/es\/wp-json\/wp\/v2\/pages\/553\/revisions\/1027"}],"wp:attachment":[{"href":"https:\/\/radio5online.com\/es\/wp-json\/wp\/v2\/media?parent=553"}],"curies":[{"name":"wp","href":"https:\/\/api.w.org\/{rel}","templated":true}]}}